{"id":24582,"date":"2023-02-17T11:47:02","date_gmt":"2023-02-17T10:47:02","guid":{"rendered":"https:\/\/duroc-partners.com\/en\/?page_id=24582"},"modified":"2023-07-24T18:22:14","modified_gmt":"2023-07-24T16:22:14","slug":"lea-benedetti-2","status":"publish","type":"page","link":"https:\/\/duroc-partners.com\/en\/lea-benedetti-2\/","title":{"rendered":"L\u00e9a Benedetti"},"content":{"rendered":"[vc_row full_width=&#8221;stretch_row_content_no_spaces&#8221; content_placement=&#8221;top&#8221; bg_type=&#8221;bg_color&#8221; seperator_enable=&#8221;off&#8221; css=&#8221;.vc_custom_1676282171508{margin-bottom: 0px !important;padding-bottom: 0px !important;background-color: #f6e0c8 !important;}&#8221;][vc_column width=&#8221;1\/2&#8243;][vc_single_image alignment=&#8221;center&#8221; image=&#8221;24584&#8243;][\/vc_column][vc_column width=&#8221;1\/2&#8243;][vc_row_inner content_placement=&#8221;top&#8221; css=&#8221;.vc_custom_1675784462521{margin-right: 50px !important;margin-left: 50px !important;padding-top: 80px !important;}&#8221;][vc_column_inner][vc_column_text]\r\n<p style=\"text-align: left;\"><a href=\"https:\/\/www.linkedin.com\/in\/lea-benedetti-523366119\/\" target=\"_blank\" rel=\"noopener\"><img loading=\"lazy\" decoding=\"async\" src=\"https:\/\/duroc-partners.com\/en\/wp-content\/uploads\/2023\/03\/lin4.png\" alt=\"\" width=\"33\" height=\"31\" \/><\/a><\/p>\r\n[\/vc_column_text][vc_column_text css=&#8221;.vc_custom_1676630677116{margin-bottom: 0px !important;padding-bottom: 0px !important;}&#8221;]<span style=\"font-size: 36pt;\">L\u00e9a Benedetti<\/span>[\/vc_column_text][vc_column_text css=&#8221;.vc_custom_1689675325837{margin-top: 0px !important;padding-top: 0px !important;}&#8221;]<span style=\"font-size: 24pt; color: #c15727;\">Jurist<\/span>[\/vc_column_text][vc_column_text]\r\n<p style=\"text-align: justify;\">L\u00e9a works with managers and entrepreneurs, particularly in the context of fund-raising transactions, mergers &amp; acquisitions and the establishment of management packages.<\/p>\r\n[\/vc_column_text][vc_column_text]\r\n<p style=\"text-align: left;\"><i class=\"icon icon-lock\" style=\"color: #c15727; font-size: 30px;\"><\/i> <strong><span style=\"font-family: julius; font-size: 18pt; color: #c15727;\">Expertise<\/span><\/strong>\r\nCorporate \u2013 Private Equity\r\nLBOs, management packages, mergers &amp; acquisitions, fundraising<\/p>\r\n[\/vc_column_text][vc_column_text]\r\n<p style=\"text-align: left;\"><i class=\"icon icon-flag\" style=\"color: #c15727; font-size: 30px;\"><\/i> <span style=\"font-family: julius; font-size: 18pt; color: #c15727;\">EXPERIENCE<\/span>\r\nJeausserand Audouard: 2020 \u2013 2022<\/p>\r\n[\/vc_column_text][vc_column_text]\r\n<p style=\"text-align: left;\"><i class=\"icon icon-study\" style=\"color: #c15727; font-size: 30px;\"><\/i> <span style=\"font-family: julius; font-size: 18pt; color: #c15727;\">EDUCATION<\/span>\r\nMaster 2 \u2013 International Business Lawyer &#8211; (Paris V Descartes)<\/p>\r\n[\/vc_column_text][\/vc_column_inner][\/vc_row_inner][vc_row_inner css=&#8221;.vc_custom_1676973307772{margin-right: 50px !important;margin-left: 50px !important;}&#8221;][vc_column_inner width=&#8221;1\/2&#8243;][vc_column_text css=&#8221;.vc_custom_1676973285039{background-color: #c15727 !important;}&#8221;]\r\n<p style=\"text-align: center;\"><i class=\"icon icon-mail\" style=\"color: #ffffff; size: 14px;\"><\/i> <span style=\"color: #ffffff; font-size: 12pt;\"><a style=\"color: #ffffff;\" href=\"mailto:benedetti@duroc-partners.com\">benedetti@duroc-partners.com<\/a><\/span><\/p>\r\n[\/vc_column_text][\/vc_column_inner][vc_column_inner width=&#8221;1\/2&#8243;][vc_column_text css=&#8221;.vc_custom_1690215731422{background-color: #c15727 !important;}&#8221;]\r\n<p style=\"text-align: center;\"><i class=\"icon icon-phone\" style=\"color: #ffffff; size: 14px;\"><\/i> <a href=\"tel:0187536492\"><span style=\"color: #ffffff; font-size: 12pt;\">+33 1 87 53 64 92<\/span><\/a><\/p>\r\n[\/vc_column_text][\/vc_column_inner][\/vc_row_inner][\/vc_column][\/vc_row]","protected":false},"excerpt":{"rendered":"<p>[vc_row full_width=&#8221;stretch_row_content_no_spaces&#8221; content_placement=&#8221;top&#8221; bg_type=&#8221;bg_color&#8221; seperator_enable=&#8221;off&#8221; css=&#8221;.vc_custom_1676282171508{margin-bottom: 0px !important;padding-bottom: 0px !important;background-color: #f6e0c8 !important;}&#8221;][vc_column width=&#8221;1\/2&#8243;][vc_single_image alignment=&#8221;center&#8221; image=&#8221;24584&#8243;][\/vc_column][vc_column width=&#8221;1\/2&#8243;][vc_row_inner content_placement=&#8221;top&#8221; css=&#8221;.vc_custom_1675784462521{margin-right: 50px !important;margin-left: 50px !important;padding-top: 80px !important;}&#8221;][vc_column_inner][vc_column_text] [\/vc_column_text][vc_column_text css=&#8221;.vc_custom_1676630677116{margin-bottom: 0px !important;padding-bottom: 0px !important;}&#8221;]L\u00e9a Benedetti[\/vc_column_text][vc_column_text css=&#8221;.vc_custom_1689675325837{margin-top: 0px !important;padding-top: 0px !important;}&#8221;]Jurist[\/vc_column_text][vc_column_text] L\u00e9a works with managers and entrepreneurs, particularly in the context of fund-raising transactions, mergers &amp; acquisitions and the establishment of management packages. [\/vc_column_text][vc_column_text] Expertise<\/p>\n<div class=\"h10\"><\/div>\n<p><a class=\"more-link1\" href=\"https:\/\/duroc-partners.com\/en\/lea-benedetti-2\/\">READ MORE<\/a><\/p>\n","protected":false},"author":1,"featured_media":0,"parent":0,"menu_order":0,"comment_status":"open","ping_status":"open","template":"","meta":{"footnotes":""},"class_list":["post-24582","page","type-page","status-publish","hentry"],"yoast_head":"<!-- This site is optimized with the Yoast SEO plugin v24.9 - https:\/\/yoast.com\/wordpress\/plugins\/seo\/ -->\n<title>L\u00e9a Benedetti - DUROC PARTNERS<\/title>\n<meta name=\"description\" content=\"L\u00e9a intervient aupr\u00e8s des dirigeants et des entrepreneurs, notamment dans le cadre d\u2019op\u00e9rations de lev\u00e9e de fonds, de fusion-acquisition...\" \/>\n<meta name=\"robots\" content=\"index, follow, max-snippet:-1, max-image-preview:large, max-video-preview:-1\" \/>\n<link rel=\"canonical\" href=\"https:\/\/duroc-partners.com\/en\/lea-benedetti-2\/\" \/>\n<meta property=\"og:locale\" content=\"en_US\" \/>\n<meta property=\"og:type\" content=\"article\" \/>\n<meta property=\"og:title\" content=\"L\u00e9a Benedetti - DUROC PARTNERS\" \/>\n<meta property=\"og:description\" content=\"L\u00e9a intervient aupr\u00e8s des dirigeants et des entrepreneurs, notamment dans le cadre d\u2019op\u00e9rations de lev\u00e9e de fonds, de fusion-acquisition...\" \/>\n<meta property=\"og:url\" content=\"https:\/\/duroc-partners.com\/en\/lea-benedetti-2\/\" \/>\n<meta property=\"og:site_name\" content=\"DUROC PARTNERS\" \/>\n<meta property=\"article:modified_time\" content=\"2023-07-24T16:22:14+00:00\" \/>\n<meta property=\"og:image\" content=\"https:\/\/duroc-partners.com\/en\/wp-content\/uploads\/2023\/03\/lin4.png\" \/>\n<meta name=\"twitter:card\" content=\"summary_large_image\" \/>\n<meta name=\"twitter:label1\" content=\"Est. reading time\" \/>\n\t<meta name=\"twitter:data1\" content=\"1 minute\" \/>\n<script type=\"application\/ld+json\" class=\"yoast-schema-graph\">{\"@context\":\"https:\/\/schema.org\",\"@graph\":[{\"@type\":\"WebPage\",\"@id\":\"https:\/\/duroc-partners.com\/en\/lea-benedetti-2\/\",\"url\":\"https:\/\/duroc-partners.com\/en\/lea-benedetti-2\/\",\"name\":\"L\u00e9a Benedetti - DUROC PARTNERS\",\"isPartOf\":{\"@id\":\"https:\/\/duroc-partners.com\/en\/#website\"},\"primaryImageOfPage\":{\"@id\":\"https:\/\/duroc-partners.com\/en\/lea-benedetti-2\/#primaryimage\"},\"image\":{\"@id\":\"https:\/\/duroc-partners.com\/en\/lea-benedetti-2\/#primaryimage\"},\"thumbnailUrl\":\"https:\/\/duroc-partners.com\/en\/wp-content\/uploads\/2023\/03\/lin4.png\",\"datePublished\":\"2023-02-17T10:47:02+00:00\",\"dateModified\":\"2023-07-24T16:22:14+00:00\",\"description\":\"L\u00e9a intervient aupr\u00e8s des dirigeants et des entrepreneurs, notamment dans le cadre d\u2019op\u00e9rations de lev\u00e9e de fonds, de fusion-acquisition...\",\"breadcrumb\":{\"@id\":\"https:\/\/duroc-partners.com\/en\/lea-benedetti-2\/#breadcrumb\"},\"inLanguage\":\"en-US\",\"potentialAction\":[{\"@type\":\"ReadAction\",\"target\":[\"https:\/\/duroc-partners.com\/en\/lea-benedetti-2\/\"]}]},{\"@type\":\"ImageObject\",\"inLanguage\":\"en-US\",\"@id\":\"https:\/\/duroc-partners.com\/en\/lea-benedetti-2\/#primaryimage\",\"url\":\"https:\/\/duroc-partners.com\/en\/wp-content\/uploads\/2023\/03\/lin4.png\",\"contentUrl\":\"https:\/\/duroc-partners.com\/en\/wp-content\/uploads\/2023\/03\/lin4.png\",\"width\":642,\"height\":595},{\"@type\":\"BreadcrumbList\",\"@id\":\"https:\/\/duroc-partners.com\/en\/lea-benedetti-2\/#breadcrumb\",\"itemListElement\":[{\"@type\":\"ListItem\",\"position\":1,\"name\":\"Accueil\",\"item\":\"https:\/\/duroc-partners.com\/en\/\"},{\"@type\":\"ListItem\",\"position\":2,\"name\":\"L\u00e9a Benedetti\"}]},{\"@type\":\"WebSite\",\"@id\":\"https:\/\/duroc-partners.com\/en\/#website\",\"url\":\"https:\/\/duroc-partners.com\/en\/\",\"name\":\"DUROC PARTNERS\",\"description\":\"\",\"publisher\":{\"@id\":\"https:\/\/duroc-partners.com\/en\/#organization\"},\"potentialAction\":[{\"@type\":\"SearchAction\",\"target\":{\"@type\":\"EntryPoint\",\"urlTemplate\":\"https:\/\/duroc-partners.com\/en\/?s={search_term_string}\"},\"query-input\":{\"@type\":\"PropertyValueSpecification\",\"valueRequired\":true,\"valueName\":\"search_term_string\"}}],\"inLanguage\":\"en-US\"},{\"@type\":\"Organization\",\"@id\":\"https:\/\/duroc-partners.com\/en\/#organization\",\"name\":\"DUROC PARTNERS\",\"url\":\"https:\/\/duroc-partners.com\/en\/\",\"logo\":{\"@type\":\"ImageObject\",\"inLanguage\":\"en-US\",\"@id\":\"https:\/\/duroc-partners.com\/en\/#\/schema\/logo\/image\/\",\"url\":\"https:\/\/duroc-partners.com\/en\/wp-content\/uploads\/2023\/01\/1666095338120.jpeg\",\"contentUrl\":\"https:\/\/duroc-partners.com\/en\/wp-content\/uploads\/2023\/01\/1666095338120.jpeg\",\"width\":200,\"height\":200,\"caption\":\"DUROC PARTNERS\"},\"image\":{\"@id\":\"https:\/\/duroc-partners.com\/en\/#\/schema\/logo\/image\/\"},\"sameAs\":[\"https:\/\/www.linkedin.com\/company\/duroc-partners\/\"]}]}<\/script>\n<!-- \/ Yoast SEO plugin. -->","yoast_head_json":{"title":"L\u00e9a Benedetti - DUROC PARTNERS","description":"L\u00e9a intervient aupr\u00e8s des dirigeants et des entrepreneurs, notamment dans le cadre d\u2019op\u00e9rations de lev\u00e9e de fonds, de fusion-acquisition...","robots":{"index":"index","follow":"follow","max-snippet":"max-snippet:-1","max-image-preview":"max-image-preview:large","max-video-preview":"max-video-preview:-1"},"canonical":"https:\/\/duroc-partners.com\/en\/lea-benedetti-2\/","og_locale":"en_US","og_type":"article","og_title":"L\u00e9a Benedetti - DUROC PARTNERS","og_description":"L\u00e9a intervient aupr\u00e8s des dirigeants et des entrepreneurs, notamment dans le cadre d\u2019op\u00e9rations de lev\u00e9e de fonds, de fusion-acquisition...","og_url":"https:\/\/duroc-partners.com\/en\/lea-benedetti-2\/","og_site_name":"DUROC PARTNERS","article_modified_time":"2023-07-24T16:22:14+00:00","og_image":[{"url":"https:\/\/duroc-partners.com\/en\/wp-content\/uploads\/2023\/03\/lin4.png","type":"","width":"","height":""}],"twitter_card":"summary_large_image","twitter_misc":{"Est. reading time":"1 minute"},"schema":{"@context":"https:\/\/schema.org","@graph":[{"@type":"WebPage","@id":"https:\/\/duroc-partners.com\/en\/lea-benedetti-2\/","url":"https:\/\/duroc-partners.com\/en\/lea-benedetti-2\/","name":"L\u00e9a Benedetti - DUROC PARTNERS","isPartOf":{"@id":"https:\/\/duroc-partners.com\/en\/#website"},"primaryImageOfPage":{"@id":"https:\/\/duroc-partners.com\/en\/lea-benedetti-2\/#primaryimage"},"image":{"@id":"https:\/\/duroc-partners.com\/en\/lea-benedetti-2\/#primaryimage"},"thumbnailUrl":"https:\/\/duroc-partners.com\/en\/wp-content\/uploads\/2023\/03\/lin4.png","datePublished":"2023-02-17T10:47:02+00:00","dateModified":"2023-07-24T16:22:14+00:00","description":"L\u00e9a intervient aupr\u00e8s des dirigeants et des entrepreneurs, notamment dans le cadre d\u2019op\u00e9rations de lev\u00e9e de fonds, de fusion-acquisition...","breadcrumb":{"@id":"https:\/\/duroc-partners.com\/en\/lea-benedetti-2\/#breadcrumb"},"inLanguage":"en-US","potentialAction":[{"@type":"ReadAction","target":["https:\/\/duroc-partners.com\/en\/lea-benedetti-2\/"]}]},{"@type":"ImageObject","inLanguage":"en-US","@id":"https:\/\/duroc-partners.com\/en\/lea-benedetti-2\/#primaryimage","url":"https:\/\/duroc-partners.com\/en\/wp-content\/uploads\/2023\/03\/lin4.png","contentUrl":"https:\/\/duroc-partners.com\/en\/wp-content\/uploads\/2023\/03\/lin4.png","width":642,"height":595},{"@type":"BreadcrumbList","@id":"https:\/\/duroc-partners.com\/en\/lea-benedetti-2\/#breadcrumb","itemListElement":[{"@type":"ListItem","position":1,"name":"Accueil","item":"https:\/\/duroc-partners.com\/en\/"},{"@type":"ListItem","position":2,"name":"L\u00e9a Benedetti"}]},{"@type":"WebSite","@id":"https:\/\/duroc-partners.com\/en\/#website","url":"https:\/\/duroc-partners.com\/en\/","name":"DUROC PARTNERS","description":"","publisher":{"@id":"https:\/\/duroc-partners.com\/en\/#organization"},"potentialAction":[{"@type":"SearchAction","target":{"@type":"EntryPoint","urlTemplate":"https:\/\/duroc-partners.com\/en\/?s={search_term_string}"},"query-input":{"@type":"PropertyValueSpecification","valueRequired":true,"valueName":"search_term_string"}}],"inLanguage":"en-US"},{"@type":"Organization","@id":"https:\/\/duroc-partners.com\/en\/#organization","name":"DUROC PARTNERS","url":"https:\/\/duroc-partners.com\/en\/","logo":{"@type":"ImageObject","inLanguage":"en-US","@id":"https:\/\/duroc-partners.com\/en\/#\/schema\/logo\/image\/","url":"https:\/\/duroc-partners.com\/en\/wp-content\/uploads\/2023\/01\/1666095338120.jpeg","contentUrl":"https:\/\/duroc-partners.com\/en\/wp-content\/uploads\/2023\/01\/1666095338120.jpeg","width":200,"height":200,"caption":"DUROC PARTNERS"},"image":{"@id":"https:\/\/duroc-partners.com\/en\/#\/schema\/logo\/image\/"},"sameAs":["https:\/\/www.linkedin.com\/company\/duroc-partners\/"]}]}},"_links":{"self":[{"href":"https:\/\/duroc-partners.com\/en\/wp-json\/wp\/v2\/pages\/24582","targetHints":{"allow":["GET"]}}],"collection":[{"href":"https:\/\/duroc-partners.com\/en\/wp-json\/wp\/v2\/pages"}],"about":[{"href":"https:\/\/duroc-partners.com\/en\/wp-json\/wp\/v2\/types\/page"}],"author":[{"embeddable":true,"href":"https:\/\/duroc-partners.com\/en\/wp-json\/wp\/v2\/users\/1"}],"replies":[{"embeddable":true,"href":"https:\/\/duroc-partners.com\/en\/wp-json\/wp\/v2\/comments?post=24582"}],"version-history":[{"count":6,"href":"https:\/\/duroc-partners.com\/en\/wp-json\/wp\/v2\/pages\/24582\/revisions"}],"predecessor-version":[{"id":25415,"href":"https:\/\/duroc-partners.com\/en\/wp-json\/wp\/v2\/pages\/24582\/revisions\/25415"}],"wp:attachment":[{"href":"https:\/\/duroc-partners.com\/en\/wp-json\/wp\/v2\/media?parent=24582"}],"curies":[{"name":"wp","href":"https:\/\/api.w.org\/{rel}","templated":true}]}}