{"id":25930,"date":"2025-07-25T09:38:46","date_gmt":"2025-07-25T07:38:46","guid":{"rendered":"https:\/\/duroc-partners.com\/en\/?page_id=25930"},"modified":"2025-07-28T09:20:53","modified_gmt":"2025-07-28T07:20:53","slug":"timothee-fougere","status":"publish","type":"page","link":"https:\/\/duroc-partners.com\/en\/timothee-fougere\/","title":{"rendered":"Timoth\u00e9e Foug\u00e8re"},"content":{"rendered":"[vc_row full_width=&#8221;stretch_row_content_no_spaces&#8221; content_placement=&#8221;top&#8221; bg_type=&#8221;bg_color&#8221; seperator_enable=&#8221;off&#8221; css=&#8221;.vc_custom_1676282171508{margin-bottom: 0px !important;padding-bottom: 0px !important;background-color: #f6e0c8 !important;}&#8221;][vc_column width=&#8221;1\/2&#8243;][vc_single_image alignment=&#8221;center&#8221; image=&#8221;25950&#8243;][\/vc_column][vc_column width=&#8221;1\/2&#8243;][vc_row_inner content_placement=&#8221;top&#8221; css=&#8221;.vc_custom_1675784462521{margin-right: 50px !important;margin-left: 50px !important;padding-top: 80px !important;}&#8221;][vc_column_inner][vc_column_text]\r\n<p style=\"text-align: left;\"><a href=\"https:\/\/www.linkedin.com\/in\/timoth\u00e9e-foug\u00e8re\/\" target=\"_blank\" rel=\"noopener\"><img loading=\"lazy\" decoding=\"async\" src=\"https:\/\/duroc-partners.com\/en\/wp-content\/uploads\/2023\/03\/lin4.png\" alt=\"\" width=\"33\" height=\"31\" \/><\/a><\/p>\r\n[\/vc_column_text][vc_column_text css=&#8221;.vc_custom_1753428704981{margin-bottom: 0px !important;padding-bottom: 0px !important;}&#8221;]<span style=\"font-size: 36pt;\">Timoth\u00e9e Foug\u00e8re<\/span>[\/vc_column_text][vc_column_text css=&#8221;.vc_custom_1753428086132{margin-top: 0px !important;padding-top: 0px !important;}&#8221;]<span style=\"font-size: 24pt; color: #c15727;\">Attorney<\/span>[\/vc_column_text][vc_column_text]\r\n<p style=\"text-align: justify;\">Timoth\u00e9e works with entrepreneurs and families, particularly on the restructuring and transfer of business and personal assets.<\/p>\r\n[\/vc_column_text][vc_column_text]\r\n<p style=\"text-align: left;\"><i class=\"icon icon-lock\" style=\"color: #c15727; font-size: 30px;\"><\/i> <strong><span style=\"font-family: julius; font-size: 18pt; color: #c15727;\">Expertise<\/span><\/strong>\r\nPersonal taxation and estate planning\r\nTax litigation<\/p>\r\n[\/vc_column_text][vc_column_text]\r\n<p style=\"text-align: left;\"><i class=\"icon icon-flag\" style=\"color: #c15727; font-size: 30px;\"><\/i> <span style=\"font-family: julius; font-size: 18pt; color: #c15727;\">EXPERIENCE<\/span>\r\nArsene\u00a0:\u00a02022\u00a0&#8211; 2025<\/p>\r\n[\/vc_column_text][vc_column_text]\r\n<p style=\"text-align: left;\"><i class=\"icon icon-study\" style=\"color: #c15727; font-size: 30px;\"><\/i> <span style=\"font-family: julius; font-size: 18pt; color: #c15727;\">EDUCATION<\/span>\r\nMaster 2 Tax Law (Universit\u00e9 de Bourgogne)\r\nMaster 2 Notarial Law (Universit\u00e9 de Bourgogne)<\/p>\r\n[\/vc_column_text][vc_column_text]\r\n<p style=\"text-align: left;\"><i class=\"icon icon-globe\" style=\"color: #c15727; font-size: 30px;\"><\/i> <span style=\"font-family: julius; font-size: 18pt; color: #c15727;\">LANGUAGE<\/span>\r\nFrench, English<\/p>\r\n[\/vc_column_text][\/vc_column_inner][\/vc_row_inner][vc_row_inner css=&#8221;.vc_custom_1676973052504{margin-right: 50px !important;margin-left: 50px !important;}&#8221;][vc_column_inner width=&#8221;1\/2&#8243;][vc_column_text css=&#8221;.vc_custom_1753429110468{background-color: #c15727 !important;}&#8221;]\r\n<p style=\"text-align: center;\"><i class=\"icon icon-mail\" style=\"color: #ffffff; size: 14px;\"><\/i> <span style=\"color: #ffffff; font-size: 12pt;\"><a style=\"color: #ffffff;\" href=\"mailto:fougere@duroc-partners.com\">fougere@duroc-partners.com<\/a><\/span><\/p>\r\n[\/vc_column_text][\/vc_column_inner][vc_column_inner width=&#8221;1\/2&#8243;][vc_column_text css=&#8221;.vc_custom_1753429119958{background-color: #c15727 !important;}&#8221;]\r\n<p style=\"text-align: center;\"><i class=\"icon icon-phone\" style=\"color: #ffffff; size: 14px;\"><\/i> <a href=\"tel:+33187536490\"><span style=\"color: #ffffff; font-size: 12pt;\">+33 1 87 53 64 90<\/span><\/a><\/p>\r\n[\/vc_column_text][\/vc_column_inner][\/vc_row_inner][\/vc_column][\/vc_row]","protected":false},"excerpt":{"rendered":"<p>[vc_row full_width=&#8221;stretch_row_content_no_spaces&#8221; content_placement=&#8221;top&#8221; bg_type=&#8221;bg_color&#8221; seperator_enable=&#8221;off&#8221; css=&#8221;.vc_custom_1676282171508{margin-bottom: 0px !important;padding-bottom: 0px !important;background-color: #f6e0c8 !important;}&#8221;][vc_column width=&#8221;1\/2&#8243;][vc_single_image alignment=&#8221;center&#8221; image=&#8221;25950&#8243;][\/vc_column][vc_column width=&#8221;1\/2&#8243;][vc_row_inner content_placement=&#8221;top&#8221; css=&#8221;.vc_custom_1675784462521{margin-right: 50px !important;margin-left: 50px !important;padding-top: 80px !important;}&#8221;][vc_column_inner][vc_column_text] [\/vc_column_text][vc_column_text css=&#8221;.vc_custom_1753428704981{margin-bottom: 0px !important;padding-bottom: 0px !important;}&#8221;]Timoth\u00e9e Foug\u00e8re[\/vc_column_text][vc_column_text css=&#8221;.vc_custom_1753428086132{margin-top: 0px !important;padding-top: 0px !important;}&#8221;]Attorney[\/vc_column_text][vc_column_text] Timoth\u00e9e works with entrepreneurs and families, particularly on the restructuring and transfer of business and personal assets. [\/vc_column_text][vc_column_text] Expertise Personal taxation and estate planning<\/p>\n<div class=\"h10\"><\/div>\n<p><a class=\"more-link1\" href=\"https:\/\/duroc-partners.com\/en\/timothee-fougere\/\">READ MORE<\/a><\/p>\n","protected":false},"author":1,"featured_media":0,"parent":0,"menu_order":0,"comment_status":"open","ping_status":"open","template":"","meta":{"footnotes":""},"class_list":["post-25930","page","type-page","status-publish","hentry"],"yoast_head":"<!-- This site is optimized with the Yoast SEO plugin v24.9 - https:\/\/yoast.com\/wordpress\/plugins\/seo\/ -->\n<title>Timoth\u00e9e Foug\u00e8re - DUROC PARTNERS<\/title>\n<meta name=\"description\" content=\"Timoth\u00e9e works with entrepreneurs and families, particularly on the restructuring and transfer of business and personal assets.\" \/>\n<meta name=\"robots\" content=\"index, follow, max-snippet:-1, max-image-preview:large, max-video-preview:-1\" \/>\n<link rel=\"canonical\" href=\"https:\/\/duroc-partners.com\/en\/timothee-fougere\/\" \/>\n<meta property=\"og:locale\" content=\"en_US\" \/>\n<meta property=\"og:type\" content=\"article\" \/>\n<meta property=\"og:title\" content=\"Timoth\u00e9e Foug\u00e8re - DUROC PARTNERS\" \/>\n<meta property=\"og:description\" content=\"Timoth\u00e9e works with entrepreneurs and families, particularly on the restructuring and transfer of business and personal assets.\" \/>\n<meta property=\"og:url\" content=\"https:\/\/duroc-partners.com\/en\/timothee-fougere\/\" \/>\n<meta property=\"og:site_name\" content=\"DUROC PARTNERS\" \/>\n<meta property=\"article:modified_time\" content=\"2025-07-28T07:20:53+00:00\" \/>\n<meta property=\"og:image\" content=\"https:\/\/duroc-partners.com\/en\/wp-content\/uploads\/2023\/03\/lin4.png\" \/>\n<meta name=\"twitter:card\" content=\"summary_large_image\" \/>\n<meta name=\"twitter:label1\" content=\"Est. reading time\" \/>\n\t<meta name=\"twitter:data1\" content=\"1 minute\" \/>\n<script type=\"application\/ld+json\" class=\"yoast-schema-graph\">{\"@context\":\"https:\/\/schema.org\",\"@graph\":[{\"@type\":\"WebPage\",\"@id\":\"https:\/\/duroc-partners.com\/en\/timothee-fougere\/\",\"url\":\"https:\/\/duroc-partners.com\/en\/timothee-fougere\/\",\"name\":\"Timoth\u00e9e Foug\u00e8re - DUROC PARTNERS\",\"isPartOf\":{\"@id\":\"https:\/\/duroc-partners.com\/en\/#website\"},\"primaryImageOfPage\":{\"@id\":\"https:\/\/duroc-partners.com\/en\/timothee-fougere\/#primaryimage\"},\"image\":{\"@id\":\"https:\/\/duroc-partners.com\/en\/timothee-fougere\/#primaryimage\"},\"thumbnailUrl\":\"https:\/\/duroc-partners.com\/en\/wp-content\/uploads\/2023\/03\/lin4.png\",\"datePublished\":\"2025-07-25T07:38:46+00:00\",\"dateModified\":\"2025-07-28T07:20:53+00:00\",\"description\":\"Timoth\u00e9e works with entrepreneurs and families, particularly on the restructuring and transfer of business and personal assets.\",\"breadcrumb\":{\"@id\":\"https:\/\/duroc-partners.com\/en\/timothee-fougere\/#breadcrumb\"},\"inLanguage\":\"en-US\",\"potentialAction\":[{\"@type\":\"ReadAction\",\"target\":[\"https:\/\/duroc-partners.com\/en\/timothee-fougere\/\"]}]},{\"@type\":\"ImageObject\",\"inLanguage\":\"en-US\",\"@id\":\"https:\/\/duroc-partners.com\/en\/timothee-fougere\/#primaryimage\",\"url\":\"https:\/\/duroc-partners.com\/en\/wp-content\/uploads\/2023\/03\/lin4.png\",\"contentUrl\":\"https:\/\/duroc-partners.com\/en\/wp-content\/uploads\/2023\/03\/lin4.png\",\"width\":642,\"height\":595},{\"@type\":\"BreadcrumbList\",\"@id\":\"https:\/\/duroc-partners.com\/en\/timothee-fougere\/#breadcrumb\",\"itemListElement\":[{\"@type\":\"ListItem\",\"position\":1,\"name\":\"Accueil\",\"item\":\"https:\/\/duroc-partners.com\/en\/\"},{\"@type\":\"ListItem\",\"position\":2,\"name\":\"Timoth\u00e9e Foug\u00e8re\"}]},{\"@type\":\"WebSite\",\"@id\":\"https:\/\/duroc-partners.com\/en\/#website\",\"url\":\"https:\/\/duroc-partners.com\/en\/\",\"name\":\"DUROC PARTNERS\",\"description\":\"\",\"publisher\":{\"@id\":\"https:\/\/duroc-partners.com\/en\/#organization\"},\"potentialAction\":[{\"@type\":\"SearchAction\",\"target\":{\"@type\":\"EntryPoint\",\"urlTemplate\":\"https:\/\/duroc-partners.com\/en\/?s={search_term_string}\"},\"query-input\":{\"@type\":\"PropertyValueSpecification\",\"valueRequired\":true,\"valueName\":\"search_term_string\"}}],\"inLanguage\":\"en-US\"},{\"@type\":\"Organization\",\"@id\":\"https:\/\/duroc-partners.com\/en\/#organization\",\"name\":\"DUROC PARTNERS\",\"url\":\"https:\/\/duroc-partners.com\/en\/\",\"logo\":{\"@type\":\"ImageObject\",\"inLanguage\":\"en-US\",\"@id\":\"https:\/\/duroc-partners.com\/en\/#\/schema\/logo\/image\/\",\"url\":\"https:\/\/duroc-partners.com\/en\/wp-content\/uploads\/2023\/01\/1666095338120.jpeg\",\"contentUrl\":\"https:\/\/duroc-partners.com\/en\/wp-content\/uploads\/2023\/01\/1666095338120.jpeg\",\"width\":200,\"height\":200,\"caption\":\"DUROC PARTNERS\"},\"image\":{\"@id\":\"https:\/\/duroc-partners.com\/en\/#\/schema\/logo\/image\/\"},\"sameAs\":[\"https:\/\/www.linkedin.com\/company\/duroc-partners\/\"]}]}<\/script>\n<!-- \/ Yoast SEO plugin. -->","yoast_head_json":{"title":"Timoth\u00e9e Foug\u00e8re - DUROC PARTNERS","description":"Timoth\u00e9e works with entrepreneurs and families, particularly on the restructuring and transfer of business and personal assets.","robots":{"index":"index","follow":"follow","max-snippet":"max-snippet:-1","max-image-preview":"max-image-preview:large","max-video-preview":"max-video-preview:-1"},"canonical":"https:\/\/duroc-partners.com\/en\/timothee-fougere\/","og_locale":"en_US","og_type":"article","og_title":"Timoth\u00e9e Foug\u00e8re - DUROC PARTNERS","og_description":"Timoth\u00e9e works with entrepreneurs and families, particularly on the restructuring and transfer of business and personal assets.","og_url":"https:\/\/duroc-partners.com\/en\/timothee-fougere\/","og_site_name":"DUROC PARTNERS","article_modified_time":"2025-07-28T07:20:53+00:00","og_image":[{"url":"https:\/\/duroc-partners.com\/en\/wp-content\/uploads\/2023\/03\/lin4.png","type":"","width":"","height":""}],"twitter_card":"summary_large_image","twitter_misc":{"Est. reading time":"1 minute"},"schema":{"@context":"https:\/\/schema.org","@graph":[{"@type":"WebPage","@id":"https:\/\/duroc-partners.com\/en\/timothee-fougere\/","url":"https:\/\/duroc-partners.com\/en\/timothee-fougere\/","name":"Timoth\u00e9e Foug\u00e8re - DUROC PARTNERS","isPartOf":{"@id":"https:\/\/duroc-partners.com\/en\/#website"},"primaryImageOfPage":{"@id":"https:\/\/duroc-partners.com\/en\/timothee-fougere\/#primaryimage"},"image":{"@id":"https:\/\/duroc-partners.com\/en\/timothee-fougere\/#primaryimage"},"thumbnailUrl":"https:\/\/duroc-partners.com\/en\/wp-content\/uploads\/2023\/03\/lin4.png","datePublished":"2025-07-25T07:38:46+00:00","dateModified":"2025-07-28T07:20:53+00:00","description":"Timoth\u00e9e works with entrepreneurs and families, particularly on the restructuring and transfer of business and personal assets.","breadcrumb":{"@id":"https:\/\/duroc-partners.com\/en\/timothee-fougere\/#breadcrumb"},"inLanguage":"en-US","potentialAction":[{"@type":"ReadAction","target":["https:\/\/duroc-partners.com\/en\/timothee-fougere\/"]}]},{"@type":"ImageObject","inLanguage":"en-US","@id":"https:\/\/duroc-partners.com\/en\/timothee-fougere\/#primaryimage","url":"https:\/\/duroc-partners.com\/en\/wp-content\/uploads\/2023\/03\/lin4.png","contentUrl":"https:\/\/duroc-partners.com\/en\/wp-content\/uploads\/2023\/03\/lin4.png","width":642,"height":595},{"@type":"BreadcrumbList","@id":"https:\/\/duroc-partners.com\/en\/timothee-fougere\/#breadcrumb","itemListElement":[{"@type":"ListItem","position":1,"name":"Accueil","item":"https:\/\/duroc-partners.com\/en\/"},{"@type":"ListItem","position":2,"name":"Timoth\u00e9e Foug\u00e8re"}]},{"@type":"WebSite","@id":"https:\/\/duroc-partners.com\/en\/#website","url":"https:\/\/duroc-partners.com\/en\/","name":"DUROC PARTNERS","description":"","publisher":{"@id":"https:\/\/duroc-partners.com\/en\/#organization"},"potentialAction":[{"@type":"SearchAction","target":{"@type":"EntryPoint","urlTemplate":"https:\/\/duroc-partners.com\/en\/?s={search_term_string}"},"query-input":{"@type":"PropertyValueSpecification","valueRequired":true,"valueName":"search_term_string"}}],"inLanguage":"en-US"},{"@type":"Organization","@id":"https:\/\/duroc-partners.com\/en\/#organization","name":"DUROC PARTNERS","url":"https:\/\/duroc-partners.com\/en\/","logo":{"@type":"ImageObject","inLanguage":"en-US","@id":"https:\/\/duroc-partners.com\/en\/#\/schema\/logo\/image\/","url":"https:\/\/duroc-partners.com\/en\/wp-content\/uploads\/2023\/01\/1666095338120.jpeg","contentUrl":"https:\/\/duroc-partners.com\/en\/wp-content\/uploads\/2023\/01\/1666095338120.jpeg","width":200,"height":200,"caption":"DUROC PARTNERS"},"image":{"@id":"https:\/\/duroc-partners.com\/en\/#\/schema\/logo\/image\/"},"sameAs":["https:\/\/www.linkedin.com\/company\/duroc-partners\/"]}]}},"_links":{"self":[{"href":"https:\/\/duroc-partners.com\/en\/wp-json\/wp\/v2\/pages\/25930","targetHints":{"allow":["GET"]}}],"collection":[{"href":"https:\/\/duroc-partners.com\/en\/wp-json\/wp\/v2\/pages"}],"about":[{"href":"https:\/\/duroc-partners.com\/en\/wp-json\/wp\/v2\/types\/page"}],"author":[{"embeddable":true,"href":"https:\/\/duroc-partners.com\/en\/wp-json\/wp\/v2\/users\/1"}],"replies":[{"embeddable":true,"href":"https:\/\/duroc-partners.com\/en\/wp-json\/wp\/v2\/comments?post=25930"}],"version-history":[{"count":3,"href":"https:\/\/duroc-partners.com\/en\/wp-json\/wp\/v2\/pages\/25930\/revisions"}],"predecessor-version":[{"id":25951,"href":"https:\/\/duroc-partners.com\/en\/wp-json\/wp\/v2\/pages\/25930\/revisions\/25951"}],"wp:attachment":[{"href":"https:\/\/duroc-partners.com\/en\/wp-json\/wp\/v2\/media?parent=25930"}],"curies":[{"name":"wp","href":"https:\/\/api.w.org\/{rel}","templated":true}]}}