{"id":25934,"date":"2025-07-25T09:49:37","date_gmt":"2025-07-25T07:49:37","guid":{"rendered":"https:\/\/duroc-partners.com\/en\/?page_id=25934"},"modified":"2025-07-28T09:19:59","modified_gmt":"2025-07-28T07:19:59","slug":"olivier-janoray","status":"publish","type":"page","link":"https:\/\/duroc-partners.com\/en\/olivier-janoray\/","title":{"rendered":"Olivier Janoray"},"content":{"rendered":"[vc_row full_width=&#8221;stretch_row_content_no_spaces&#8221; content_placement=&#8221;top&#8221; bg_type=&#8221;bg_color&#8221; seperator_enable=&#8221;off&#8221; css=&#8221;.vc_custom_1676282171508{margin-bottom: 0px !important;padding-bottom: 0px !important;background-color: #f6e0c8 !important;}&#8221;][vc_column width=&#8221;1\/2&#8243;][vc_single_image alignment=&#8221;center&#8221; image=&#8221;25948&#8243;][\/vc_column][vc_column width=&#8221;1\/2&#8243;][vc_row_inner content_placement=&#8221;top&#8221; css=&#8221;.vc_custom_1675784462521{margin-right: 50px !important;margin-left: 50px !important;padding-top: 80px !important;}&#8221;][vc_column_inner][vc_column_text]\r\n<p style=\"text-align: left;\"><a href=\"https:\/\/www.linkedin.com\/in\/olivier-janoray-110123b8\/\" target=\"_blank\" rel=\"noopener\"><img loading=\"lazy\" decoding=\"async\" src=\"https:\/\/duroc-partners.com\/en\/wp-content\/uploads\/2023\/03\/lin4.png\" alt=\"\" width=\"33\" height=\"31\" \/><\/a><\/p>\r\n[\/vc_column_text][vc_column_text css=&#8221;.vc_custom_1753429685071{margin-bottom: 0px !important;padding-bottom: 0px !important;}&#8221;]<span style=\"font-size: 36pt;\">Olivier Janoray<\/span>[\/vc_column_text][vc_column_text css=&#8221;.vc_custom_1753429690816{margin-top: 0px !important;padding-top: 0px !important;}&#8221;]<span style=\"font-size: 24pt; color: #c15727;\">Partner<\/span>[\/vc_column_text][vc_column_text]\r\n<p style=\"text-align: justify;\">Olivier began his career as a lawyer in 2010 within Arsene and was promoted partner in January 2021 before joining Duroc Partners as a partner in the summer of 2025.\r\nOver the course of almost 15 years, Olivier has acquired proven experience in wealth tax matters, both as in consulting and in litigation, working with entrepreneurs and families as well as international groups.\r\nAs such, he is frequently involved in the implementation of business transfers or estate planning, the reorganization of holding and financing structures for business or personal assets, the definition and implementation of executive remuneration policies (employee shareholding, impatriation, expatriation, redundancy procedures) and management packages.<\/p>\r\n[\/vc_column_text][vc_column_text]\r\n<p style=\"text-align: left;\"><i class=\"icon icon-lock\" style=\"color: #c15727; font-size: 30px;\"><\/i> <strong><span style=\"font-family: julius; font-size: 18pt; color: #c15727;\">Expertise<\/span><\/strong>\r\nPersonal taxation and estate planning\r\nTax litigation\r\nCorporate taxation\r\nEmployee shareholding \/ Management packages<\/p>\r\n[\/vc_column_text][vc_column_text]\r\n<p style=\"text-align: left;\"><i class=\"icon icon-flag\" style=\"color: #c15727; font-size: 30px;\"><\/i> <span style=\"font-family: julius; font-size: 18pt; color: #c15727;\">EXPERIENCE<\/span>\r\nArsene : 2010 &#8211; 2025\r\nCertificate of Specialization in Tax and Customs Law &#8211; Specific qualification \u201cWealth Taxation\u201d\r\nLecturer at the University of Burgundy and the University Jean Moulin Lyon 3<\/p>\r\n[\/vc_column_text][vc_column_text]\r\n<p style=\"text-align: left;\"><i class=\"icon icon-study\" style=\"color: #c15727; font-size: 30px;\"><\/i> <span style=\"font-family: julius; font-size: 18pt; color: #c15727;\">EDUCATION<\/span>\r\nMaster 2 Droit des Affaires et fiscalit\u00e9 &#8211; Universit\u00e9 Paris 2 Panth\u00e9on Assas\r\nMember of the IACF Wealth Tax Commission\r\nMember of the Cercle des Fiscalistes\r\nMember of the Estate Planning Skill Group\r\nMember of the Scientific Committee of the Revue Europ\u00e9enne Internationale de Droit Fiscal\r\nMember of the Editorial Committee of the journal Ing\u00e9nierie Patrimoniale<\/p>\r\n[\/vc_column_text][vc_column_text]\r\n<p style=\"text-align: left;\"><i class=\"icon icon-globe\" style=\"color: #c15727; font-size: 30px;\"><\/i> <span style=\"font-family: julius; font-size: 18pt; color: #c15727;\">LANGUAGE<\/span>\r\nFrench, English<\/p>\r\n[\/vc_column_text][\/vc_column_inner][\/vc_row_inner][vc_row_inner css=&#8221;.vc_custom_1676973052504{margin-right: 50px !important;margin-left: 50px !important;}&#8221;][vc_column_inner width=&#8221;1\/2&#8243;][vc_column_text css=&#8221;.vc_custom_1753429774490{background-color: #c15727 !important;}&#8221;]\r\n<p style=\"text-align: center;\"><i class=\"icon icon-mail\" style=\"color: #ffffff; size: 14px;\"><\/i> <span style=\"color: #ffffff; font-size: 12pt;\"><a style=\"color: #ffffff;\" href=\"mailto:janoray@duroc-partners.com\">janoray@duroc-partners.com<\/a><\/span><\/p>\r\n[\/vc_column_text][\/vc_column_inner][vc_column_inner width=&#8221;1\/2&#8243;][vc_column_text css=&#8221;.vc_custom_1753428351141{background-color: #c15727 !important;}&#8221;]\r\n<p style=\"text-align: center;\"><i class=\"icon icon-phone\" style=\"color: #ffffff; size: 14px;\"><\/i> <a href=\"tel:+33187536490\"><span style=\"color: #ffffff; font-size: 12pt;\">+33 1 87 53 64 90<\/span><\/a><\/p>\r\n[\/vc_column_text][\/vc_column_inner][\/vc_row_inner][\/vc_column][\/vc_row]","protected":false},"excerpt":{"rendered":"<p>[vc_row full_width=&#8221;stretch_row_content_no_spaces&#8221; content_placement=&#8221;top&#8221; bg_type=&#8221;bg_color&#8221; seperator_enable=&#8221;off&#8221; css=&#8221;.vc_custom_1676282171508{margin-bottom: 0px !important;padding-bottom: 0px !important;background-color: #f6e0c8 !important;}&#8221;][vc_column width=&#8221;1\/2&#8243;][vc_single_image alignment=&#8221;center&#8221; image=&#8221;25948&#8243;][\/vc_column][vc_column width=&#8221;1\/2&#8243;][vc_row_inner content_placement=&#8221;top&#8221; css=&#8221;.vc_custom_1675784462521{margin-right: 50px !important;margin-left: 50px !important;padding-top: 80px !important;}&#8221;][vc_column_inner][vc_column_text] [\/vc_column_text][vc_column_text css=&#8221;.vc_custom_1753429685071{margin-bottom: 0px !important;padding-bottom: 0px !important;}&#8221;]Olivier Janoray[\/vc_column_text][vc_column_text css=&#8221;.vc_custom_1753429690816{margin-top: 0px !important;padding-top: 0px !important;}&#8221;]Partner[\/vc_column_text][vc_column_text] Olivier began his career as a lawyer in 2010 within Arsene and was promoted partner in January 2021 before joining Duroc Partners as a<\/p>\n<div class=\"h10\"><\/div>\n<p><a class=\"more-link1\" href=\"https:\/\/duroc-partners.com\/en\/olivier-janoray\/\">READ MORE<\/a><\/p>\n","protected":false},"author":1,"featured_media":0,"parent":0,"menu_order":0,"comment_status":"open","ping_status":"open","template":"","meta":{"footnotes":""},"class_list":["post-25934","page","type-page","status-publish","hentry"],"yoast_head":"<!-- This site is optimized with the Yoast SEO plugin v24.9 - https:\/\/yoast.com\/wordpress\/plugins\/seo\/ -->\n<title>Olivier Janoray - DUROC PARTNERS<\/title>\n<meta name=\"description\" content=\"Aldwin&#039;s wealth tax practice covers both advisory and litigation services for entrepreneurs and families.\u00a0He also assists managers and their teams in the structuring\u00a0of management packages.\" \/>\n<meta name=\"robots\" content=\"index, follow, max-snippet:-1, max-image-preview:large, max-video-preview:-1\" \/>\n<link rel=\"canonical\" href=\"https:\/\/duroc-partners.com\/en\/olivier-janoray\/\" \/>\n<meta property=\"og:locale\" content=\"en_US\" \/>\n<meta property=\"og:type\" content=\"article\" \/>\n<meta property=\"og:title\" content=\"Olivier Janoray - DUROC PARTNERS\" \/>\n<meta property=\"og:description\" content=\"Aldwin&#039;s wealth tax practice covers both advisory and litigation services for entrepreneurs and families.\u00a0He also assists managers and their teams in the structuring\u00a0of management packages.\" \/>\n<meta property=\"og:url\" content=\"https:\/\/duroc-partners.com\/en\/olivier-janoray\/\" \/>\n<meta property=\"og:site_name\" content=\"DUROC PARTNERS\" \/>\n<meta property=\"article:modified_time\" content=\"2025-07-28T07:19:59+00:00\" \/>\n<meta property=\"og:image\" content=\"https:\/\/duroc-partners.com\/en\/wp-content\/uploads\/2023\/03\/lin4.png\" \/>\n<meta name=\"twitter:card\" content=\"summary_large_image\" \/>\n<meta name=\"twitter:label1\" content=\"Est. reading time\" \/>\n\t<meta name=\"twitter:data1\" content=\"2 minutes\" \/>\n<script type=\"application\/ld+json\" class=\"yoast-schema-graph\">{\"@context\":\"https:\/\/schema.org\",\"@graph\":[{\"@type\":\"WebPage\",\"@id\":\"https:\/\/duroc-partners.com\/en\/olivier-janoray\/\",\"url\":\"https:\/\/duroc-partners.com\/en\/olivier-janoray\/\",\"name\":\"Olivier Janoray - DUROC PARTNERS\",\"isPartOf\":{\"@id\":\"https:\/\/duroc-partners.com\/en\/#website\"},\"primaryImageOfPage\":{\"@id\":\"https:\/\/duroc-partners.com\/en\/olivier-janoray\/#primaryimage\"},\"image\":{\"@id\":\"https:\/\/duroc-partners.com\/en\/olivier-janoray\/#primaryimage\"},\"thumbnailUrl\":\"https:\/\/duroc-partners.com\/en\/wp-content\/uploads\/2023\/03\/lin4.png\",\"datePublished\":\"2025-07-25T07:49:37+00:00\",\"dateModified\":\"2025-07-28T07:19:59+00:00\",\"description\":\"Aldwin's wealth tax practice covers both advisory and litigation services for entrepreneurs and families.\u00a0He also assists managers and their teams in the structuring\u00a0of management packages.\",\"breadcrumb\":{\"@id\":\"https:\/\/duroc-partners.com\/en\/olivier-janoray\/#breadcrumb\"},\"inLanguage\":\"en-US\",\"potentialAction\":[{\"@type\":\"ReadAction\",\"target\":[\"https:\/\/duroc-partners.com\/en\/olivier-janoray\/\"]}]},{\"@type\":\"ImageObject\",\"inLanguage\":\"en-US\",\"@id\":\"https:\/\/duroc-partners.com\/en\/olivier-janoray\/#primaryimage\",\"url\":\"https:\/\/duroc-partners.com\/en\/wp-content\/uploads\/2023\/03\/lin4.png\",\"contentUrl\":\"https:\/\/duroc-partners.com\/en\/wp-content\/uploads\/2023\/03\/lin4.png\",\"width\":642,\"height\":595},{\"@type\":\"BreadcrumbList\",\"@id\":\"https:\/\/duroc-partners.com\/en\/olivier-janoray\/#breadcrumb\",\"itemListElement\":[{\"@type\":\"ListItem\",\"position\":1,\"name\":\"Accueil\",\"item\":\"https:\/\/duroc-partners.com\/en\/\"},{\"@type\":\"ListItem\",\"position\":2,\"name\":\"Olivier Janoray\"}]},{\"@type\":\"WebSite\",\"@id\":\"https:\/\/duroc-partners.com\/en\/#website\",\"url\":\"https:\/\/duroc-partners.com\/en\/\",\"name\":\"DUROC PARTNERS\",\"description\":\"\",\"publisher\":{\"@id\":\"https:\/\/duroc-partners.com\/en\/#organization\"},\"potentialAction\":[{\"@type\":\"SearchAction\",\"target\":{\"@type\":\"EntryPoint\",\"urlTemplate\":\"https:\/\/duroc-partners.com\/en\/?s={search_term_string}\"},\"query-input\":{\"@type\":\"PropertyValueSpecification\",\"valueRequired\":true,\"valueName\":\"search_term_string\"}}],\"inLanguage\":\"en-US\"},{\"@type\":\"Organization\",\"@id\":\"https:\/\/duroc-partners.com\/en\/#organization\",\"name\":\"DUROC PARTNERS\",\"url\":\"https:\/\/duroc-partners.com\/en\/\",\"logo\":{\"@type\":\"ImageObject\",\"inLanguage\":\"en-US\",\"@id\":\"https:\/\/duroc-partners.com\/en\/#\/schema\/logo\/image\/\",\"url\":\"https:\/\/duroc-partners.com\/en\/wp-content\/uploads\/2023\/01\/1666095338120.jpeg\",\"contentUrl\":\"https:\/\/duroc-partners.com\/en\/wp-content\/uploads\/2023\/01\/1666095338120.jpeg\",\"width\":200,\"height\":200,\"caption\":\"DUROC PARTNERS\"},\"image\":{\"@id\":\"https:\/\/duroc-partners.com\/en\/#\/schema\/logo\/image\/\"},\"sameAs\":[\"https:\/\/www.linkedin.com\/company\/duroc-partners\/\"]}]}<\/script>\n<!-- \/ Yoast SEO plugin. -->","yoast_head_json":{"title":"Olivier Janoray - DUROC PARTNERS","description":"Aldwin's wealth tax practice covers both advisory and litigation services for entrepreneurs and families.\u00a0He also assists managers and their teams in the structuring\u00a0of management packages.","robots":{"index":"index","follow":"follow","max-snippet":"max-snippet:-1","max-image-preview":"max-image-preview:large","max-video-preview":"max-video-preview:-1"},"canonical":"https:\/\/duroc-partners.com\/en\/olivier-janoray\/","og_locale":"en_US","og_type":"article","og_title":"Olivier Janoray - DUROC PARTNERS","og_description":"Aldwin's wealth tax practice covers both advisory and litigation services for entrepreneurs and families.\u00a0He also assists managers and their teams in the structuring\u00a0of management packages.","og_url":"https:\/\/duroc-partners.com\/en\/olivier-janoray\/","og_site_name":"DUROC PARTNERS","article_modified_time":"2025-07-28T07:19:59+00:00","og_image":[{"url":"https:\/\/duroc-partners.com\/en\/wp-content\/uploads\/2023\/03\/lin4.png","type":"","width":"","height":""}],"twitter_card":"summary_large_image","twitter_misc":{"Est. reading time":"2 minutes"},"schema":{"@context":"https:\/\/schema.org","@graph":[{"@type":"WebPage","@id":"https:\/\/duroc-partners.com\/en\/olivier-janoray\/","url":"https:\/\/duroc-partners.com\/en\/olivier-janoray\/","name":"Olivier Janoray - DUROC PARTNERS","isPartOf":{"@id":"https:\/\/duroc-partners.com\/en\/#website"},"primaryImageOfPage":{"@id":"https:\/\/duroc-partners.com\/en\/olivier-janoray\/#primaryimage"},"image":{"@id":"https:\/\/duroc-partners.com\/en\/olivier-janoray\/#primaryimage"},"thumbnailUrl":"https:\/\/duroc-partners.com\/en\/wp-content\/uploads\/2023\/03\/lin4.png","datePublished":"2025-07-25T07:49:37+00:00","dateModified":"2025-07-28T07:19:59+00:00","description":"Aldwin's wealth tax practice covers both advisory and litigation services for entrepreneurs and families.\u00a0He also assists managers and their teams in the structuring\u00a0of management packages.","breadcrumb":{"@id":"https:\/\/duroc-partners.com\/en\/olivier-janoray\/#breadcrumb"},"inLanguage":"en-US","potentialAction":[{"@type":"ReadAction","target":["https:\/\/duroc-partners.com\/en\/olivier-janoray\/"]}]},{"@type":"ImageObject","inLanguage":"en-US","@id":"https:\/\/duroc-partners.com\/en\/olivier-janoray\/#primaryimage","url":"https:\/\/duroc-partners.com\/en\/wp-content\/uploads\/2023\/03\/lin4.png","contentUrl":"https:\/\/duroc-partners.com\/en\/wp-content\/uploads\/2023\/03\/lin4.png","width":642,"height":595},{"@type":"BreadcrumbList","@id":"https:\/\/duroc-partners.com\/en\/olivier-janoray\/#breadcrumb","itemListElement":[{"@type":"ListItem","position":1,"name":"Accueil","item":"https:\/\/duroc-partners.com\/en\/"},{"@type":"ListItem","position":2,"name":"Olivier Janoray"}]},{"@type":"WebSite","@id":"https:\/\/duroc-partners.com\/en\/#website","url":"https:\/\/duroc-partners.com\/en\/","name":"DUROC PARTNERS","description":"","publisher":{"@id":"https:\/\/duroc-partners.com\/en\/#organization"},"potentialAction":[{"@type":"SearchAction","target":{"@type":"EntryPoint","urlTemplate":"https:\/\/duroc-partners.com\/en\/?s={search_term_string}"},"query-input":{"@type":"PropertyValueSpecification","valueRequired":true,"valueName":"search_term_string"}}],"inLanguage":"en-US"},{"@type":"Organization","@id":"https:\/\/duroc-partners.com\/en\/#organization","name":"DUROC PARTNERS","url":"https:\/\/duroc-partners.com\/en\/","logo":{"@type":"ImageObject","inLanguage":"en-US","@id":"https:\/\/duroc-partners.com\/en\/#\/schema\/logo\/image\/","url":"https:\/\/duroc-partners.com\/en\/wp-content\/uploads\/2023\/01\/1666095338120.jpeg","contentUrl":"https:\/\/duroc-partners.com\/en\/wp-content\/uploads\/2023\/01\/1666095338120.jpeg","width":200,"height":200,"caption":"DUROC PARTNERS"},"image":{"@id":"https:\/\/duroc-partners.com\/en\/#\/schema\/logo\/image\/"},"sameAs":["https:\/\/www.linkedin.com\/company\/duroc-partners\/"]}]}},"_links":{"self":[{"href":"https:\/\/duroc-partners.com\/en\/wp-json\/wp\/v2\/pages\/25934","targetHints":{"allow":["GET"]}}],"collection":[{"href":"https:\/\/duroc-partners.com\/en\/wp-json\/wp\/v2\/pages"}],"about":[{"href":"https:\/\/duroc-partners.com\/en\/wp-json\/wp\/v2\/types\/page"}],"author":[{"embeddable":true,"href":"https:\/\/duroc-partners.com\/en\/wp-json\/wp\/v2\/users\/1"}],"replies":[{"embeddable":true,"href":"https:\/\/duroc-partners.com\/en\/wp-json\/wp\/v2\/comments?post=25934"}],"version-history":[{"count":3,"href":"https:\/\/duroc-partners.com\/en\/wp-json\/wp\/v2\/pages\/25934\/revisions"}],"predecessor-version":[{"id":25949,"href":"https:\/\/duroc-partners.com\/en\/wp-json\/wp\/v2\/pages\/25934\/revisions\/25949"}],"wp:attachment":[{"href":"https:\/\/duroc-partners.com\/en\/wp-json\/wp\/v2\/media?parent=25934"}],"curies":[{"name":"wp","href":"https:\/\/api.w.org\/{rel}","templated":true}]}}